{"id":30,"date":"2022-06-06T10:39:57","date_gmt":"2022-06-06T10:39:57","guid":{"rendered":"https:\/\/akkutuottajayhteisot.fi\/?page_id=30"},"modified":"2022-06-06T10:53:07","modified_gmt":"2022-06-06T10:53:07","slug":"akkutuottajayhteisot","status":"publish","type":"page","link":"https:\/\/akkutuottajayhteisot.fi\/","title":{"rendered":"Akkutuottajayhteis\u00f6t"},"content":{"rendered":"\n<figure class=\"wp-block-image size-medium\"><a href=\"https:\/\/akkukierratyspb.fi\/\" target=\"_blank\" rel=\"noreferrer noopener\"><img loading=\"lazy\" decoding=\"async\" width=\"300\" height=\"55\" src=\"https:\/\/akkutuottajayhteisot.fi\/wp-content\/uploads\/2022\/06\/Akkukierratys_logo_color_WEB_RGB-300x55.jpg\" alt=\"\" class=\"wp-image-32\" srcset=\"https:\/\/akkutuottajayhteisot.fi\/wp-content\/uploads\/2022\/06\/Akkukierratys_logo_color_WEB_RGB-300x55.jpg 300w, https:\/\/akkutuottajayhteisot.fi\/wp-content\/uploads\/2022\/06\/Akkukierratys_logo_color_WEB_RGB-1024x188.jpg 1024w, https:\/\/akkutuottajayhteisot.fi\/wp-content\/uploads\/2022\/06\/Akkukierratys_logo_color_WEB_RGB-768x141.jpg 768w, https:\/\/akkutuottajayhteisot.fi\/wp-content\/uploads\/2022\/06\/Akkukierratys_logo_color_WEB_RGB-1200x221.jpg 1200w, https:\/\/akkutuottajayhteisot.fi\/wp-content\/uploads\/2022\/06\/Akkukierratys_logo_color_WEB_RGB.jpg 1491w\" sizes=\"auto, (max-width: 300px) 100vw, 300px\" \/><\/a><\/figure>\n\n\n\n<h2 class=\"wp-block-heading\">Akkukierr\u00e4tys Pb Oy<\/h2>\n\n\n\n<p>Akkumaahantuojien perustama tuottajayhteis\u00f6 Akkukierr\u00e4tys Pb Oy hoitaa lyijyakkujen tuottajavastuun puolestasi.<\/p>\n\n\n\n<div class=\"wp-block-buttons is-layout-flex wp-block-buttons-is-layout-flex\">\n<div class=\"wp-block-button\"><a class=\"wp-block-button__link\" href=\"https:\/\/akkukierratyspb.fi\/\" target=\"_blank\" rel=\"noreferrer noopener\">Akkukierr\u00e4tyksen Sivuille<\/a><\/div>\n<\/div>\n\n\n\n<div style=\"height:100px\" aria-hidden=\"true\" class=\"wp-block-spacer\"><\/div>\n\n\n\n<figure class=\"wp-block-image size-full\"><a href=\"https:\/\/www.paristokierratys.fi\/\" target=\"_blank\" rel=\"noreferrer noopener\"><img loading=\"lazy\" decoding=\"async\" width=\"276\" height=\"65\" src=\"https:\/\/akkutuottajayhteisot.fi\/wp-content\/uploads\/2022\/06\/paristokierratys_logo_punainen.png\" alt=\"\" class=\"wp-image-33\"\/><\/a><\/figure>\n\n\n\n<h2 class=\"wp-block-heading\">Recser Oy<\/h2>\n\n\n\n<p>Paristokierr\u00e4tyst\u00e4 Suomessa organisoi tuottajayhteis\u00f6 Recser Oy, joka edustaa yli 800:aa paristojen ja akkujen tuottajaa.<\/p>\n\n\n\n<div class=\"wp-block-buttons is-layout-flex wp-block-buttons-is-layout-flex\">\n<div class=\"wp-block-button\"><a class=\"wp-block-button__link\" href=\"https:\/\/www.paristokierratys.fi\/\" target=\"_blank\" rel=\"noreferrer noopener\">Recserin sivuille<\/a><\/div>\n<\/div>\n\n\n\n<div class=\"wp-block-buttons is-layout-flex wp-block-buttons-is-layout-flex\"><\/div>\n","protected":false},"excerpt":{"rendered":"<p>Akkukierr\u00e4tys Pb Oy Akkumaahantuojien perustama tuottajayhteis\u00f6 Akkukierr\u00e4tys Pb Oy hoitaa lyijyakkujen tuottajavastuun puolestasi. Recser Oy Paristokierr\u00e4tyst\u00e4 Suomessa organisoi tuottajayhteis\u00f6 Recser Oy, joka edustaa yli 800:aa paristojen ja akkujen tuottajaa.<\/p>\n","protected":false},"author":1,"featured_media":0,"parent":0,"menu_order":0,"comment_status":"closed","ping_status":"closed","template":"","meta":{"footnotes":""},"class_list":["post-30","page","type-page","status-publish","hentry"],"_links":{"self":[{"href":"https:\/\/akkutuottajayhteisot.fi\/index.php?rest_route=\/wp\/v2\/pages\/30","targetHints":{"allow":["GET"]}}],"collection":[{"href":"https:\/\/akkutuottajayhteisot.fi\/index.php?rest_route=\/wp\/v2\/pages"}],"about":[{"href":"https:\/\/akkutuottajayhteisot.fi\/index.php?rest_route=\/wp\/v2\/types\/page"}],"author":[{"embeddable":true,"href":"https:\/\/akkutuottajayhteisot.fi\/index.php?rest_route=\/wp\/v2\/users\/1"}],"replies":[{"embeddable":true,"href":"https:\/\/akkutuottajayhteisot.fi\/index.php?rest_route=%2Fwp%2Fv2%2Fcomments&post=30"}],"version-history":[{"count":6,"href":"https:\/\/akkutuottajayhteisot.fi\/index.php?rest_route=\/wp\/v2\/pages\/30\/revisions"}],"predecessor-version":[{"id":47,"href":"https:\/\/akkutuottajayhteisot.fi\/index.php?rest_route=\/wp\/v2\/pages\/30\/revisions\/47"}],"wp:attachment":[{"href":"https:\/\/akkutuottajayhteisot.fi\/index.php?rest_route=%2Fwp%2Fv2%2Fmedia&parent=30"}],"curies":[{"name":"wp","href":"https:\/\/api.w.org\/{rel}","templated":true}]}}